{"id":374,"date":"2024-05-16T14:45:42","date_gmt":"2024-05-16T11:45:42","guid":{"rendered":"https:\/\/clujmodern.ro\/?page_id=374"},"modified":"2024-06-10T16:10:39","modified_gmt":"2024-06-10T13:10:39","slug":"media","status":"publish","type":"page","link":"https:\/\/clujmodern.ro\/?page_id=374","title":{"rendered":"Media"},"content":{"rendered":"\n<figure class=\"wp-block-embed is-type-video is-provider-youtube wp-block-embed-youtube wp-embed-aspect-16-9 wp-has-aspect-ratio\"><div class=\"wp-block-embed__wrapper\">\n<iframe loading=\"lazy\" title=\"PE TON LEJER - Despre compozitori\" width=\"500\" height=\"281\" src=\"https:\/\/www.youtube.com\/embed\/OuxIHbwx514?feature=oembed\" frameborder=\"0\" allow=\"accelerometer; autoplay; clipboard-write; encrypted-media; gyroscope; picture-in-picture; web-share\" referrerpolicy=\"strict-origin-when-cross-origin\" allowfullscreen><\/iframe>\n<\/div><\/figure>\n\n\n\n<figure class=\"wp-block-embed is-type-video is-provider-youtube wp-block-embed-youtube wp-embed-aspect-16-9 wp-has-aspect-ratio\"><div class=\"wp-block-embed__wrapper\">\n<iframe loading=\"lazy\" title=\"Ensemble Couleurs \u25ba Cornel \u021a\u0103ranu - Mozaicuri pentru clarinet, cvartet de coarde, percu\u021bie \u0219i pian\" width=\"500\" height=\"281\" src=\"https:\/\/www.youtube.com\/embed\/HsgdVWnJVpI?feature=oembed\" frameborder=\"0\" allow=\"accelerometer; autoplay; clipboard-write; encrypted-media; gyroscope; picture-in-picture; web-share\" referrerpolicy=\"strict-origin-when-cross-origin\" allowfullscreen><\/iframe>\n<\/div><\/figure>\n\n\n\n<figure class=\"wp-block-embed is-type-video is-provider-youtube wp-block-embed-youtube wp-embed-aspect-16-9 wp-has-aspect-ratio\"><div class=\"wp-block-embed__wrapper\">\n<iframe loading=\"lazy\" title=\"Ensemble Couleurs \u25ba Sigismund Todu\u021b\u0103 - Sonata nr. 2 pentru flaut \u0219i pian (ar. A. Murariu)\" width=\"500\" height=\"281\" src=\"https:\/\/www.youtube.com\/embed\/l7fzetxPhu4?feature=oembed\" frameborder=\"0\" allow=\"accelerometer; autoplay; clipboard-write; encrypted-media; gyroscope; picture-in-picture; web-share\" referrerpolicy=\"strict-origin-when-cross-origin\" allowfullscreen><\/iframe>\n<\/div><\/figure>\n\n\n\n<figure class=\"wp-block-embed is-type-video is-provider-youtube wp-block-embed-youtube wp-embed-aspect-16-9 wp-has-aspect-ratio\"><div class=\"wp-block-embed__wrapper\">\n<iframe loading=\"lazy\" title=\"Ansamblul AdHOC \u25ba Cornel \u021a\u0103ranu - Secven\u021be\" width=\"500\" height=\"281\" src=\"https:\/\/www.youtube.com\/embed\/UWU8Qb2olTE?feature=oembed\" frameborder=\"0\" allow=\"accelerometer; autoplay; clipboard-write; encrypted-media; gyroscope; picture-in-picture; web-share\" referrerpolicy=\"strict-origin-when-cross-origin\" allowfullscreen><\/iframe>\n<\/div><\/figure>\n\n\n\n<figure class=\"wp-block-embed is-type-video is-provider-youtube wp-block-embed-youtube wp-embed-aspect-16-9 wp-has-aspect-ratio\"><div class=\"wp-block-embed__wrapper\">\n<iframe loading=\"lazy\" title=\"Iulia Merca \u015fi Codru\u0163a Ghenceanu \u25ba \u015eerban Marcu - Vreau s\u0103 joc \u0219i Melancolie pe versuri de L. Blaga\" width=\"500\" height=\"281\" src=\"https:\/\/www.youtube.com\/embed\/O5bW0SYXRyI?feature=oembed\" frameborder=\"0\" allow=\"accelerometer; autoplay; clipboard-write; encrypted-media; gyroscope; picture-in-picture; web-share\" referrerpolicy=\"strict-origin-when-cross-origin\" allowfullscreen><\/iframe>\n<\/div><\/figure>\n\n\n\n<figure class=\"wp-block-embed is-type-video is-provider-youtube wp-block-embed-youtube wp-embed-aspect-16-9 wp-has-aspect-ratio\"><div class=\"wp-block-embed__wrapper\">\n<iframe loading=\"lazy\" title=\"Iulia Merca \u015fi Horea Haplea \u25ba Matei Pop - Herbststimmung \u0219i Liebes-Lied pe versuri de R.M. Rilke\" width=\"500\" height=\"281\" src=\"https:\/\/www.youtube.com\/embed\/YnJK1MI18LA?feature=oembed\" frameborder=\"0\" allow=\"accelerometer; autoplay; clipboard-write; encrypted-media; gyroscope; picture-in-picture; web-share\" referrerpolicy=\"strict-origin-when-cross-origin\" allowfullscreen><\/iframe>\n<\/div><\/figure>\n\n\n\n<figure class=\"wp-block-embed is-type-video is-provider-youtube wp-block-embed-youtube wp-embed-aspect-16-9 wp-has-aspect-ratio\"><div class=\"wp-block-embed__wrapper\">\n<iframe loading=\"lazy\" title=\"Ansamblul ATEM: Victor Andrei P\u0103r\u0103u - pian \u25ba Cornel \u021a\u0103ranu - Dialogues II pentru pian solo\" width=\"500\" height=\"281\" src=\"https:\/\/www.youtube.com\/embed\/LE8lJb-3kHk?feature=oembed\" frameborder=\"0\" allow=\"accelerometer; autoplay; clipboard-write; encrypted-media; gyroscope; picture-in-picture; web-share\" referrerpolicy=\"strict-origin-when-cross-origin\" allowfullscreen><\/iframe>\n<\/div><\/figure>\n\n\n\n<figure class=\"wp-block-embed is-type-video is-provider-youtube wp-block-embed-youtube wp-embed-aspect-16-9 wp-has-aspect-ratio\"><div class=\"wp-block-embed__wrapper\">\n<iframe loading=\"lazy\" title=\"CVARTETUL ARCADIA \u25ba Cornel \u021a\u0103ranu - Allegro con gaio din Trio pentru violin\u0103, viol\u0103 \u0219i violoncel\" width=\"500\" height=\"281\" src=\"https:\/\/www.youtube.com\/embed\/YuyHxHBclLk?feature=oembed\" frameborder=\"0\" allow=\"accelerometer; autoplay; clipboard-write; encrypted-media; gyroscope; picture-in-picture; web-share\" referrerpolicy=\"strict-origin-when-cross-origin\" allowfullscreen><\/iframe>\n<\/div><\/figure>\n\n\n\n<figure class=\"wp-block-embed is-type-video is-provider-youtube wp-block-embed-youtube wp-embed-aspect-16-9 wp-has-aspect-ratio\"><div class=\"wp-block-embed__wrapper\">\n<iframe loading=\"lazy\" title=\"Gervasio Tarragona Valli \u0219i Eva Butean \u25ba Cornel \u021a\u0103ranu - Po\u00e8me-sonate pentru clarinet \u0219i pian\" width=\"500\" height=\"281\" src=\"https:\/\/www.youtube.com\/embed\/ZpgI6wLHlkI?feature=oembed\" frameborder=\"0\" allow=\"accelerometer; autoplay; clipboard-write; encrypted-media; gyroscope; picture-in-picture; web-share\" referrerpolicy=\"strict-origin-when-cross-origin\" allowfullscreen><\/iframe>\n<\/div><\/figure>\n\n\n\n<figure class=\"wp-block-embed is-type-video is-provider-youtube wp-block-embed-youtube wp-embed-aspect-16-9 wp-has-aspect-ratio\"><div class=\"wp-block-embed__wrapper\">\n<iframe loading=\"lazy\" title=\"Luosha Fang, Gervasio Tarragona Valli, Mihai Diaconescu \u25baA. Berg: Adagio pt vioar\u0103, clarinet \u0219i pian\" width=\"500\" height=\"281\" src=\"https:\/\/www.youtube.com\/embed\/cqCt1JNAAvI?feature=oembed\" frameborder=\"0\" allow=\"accelerometer; autoplay; clipboard-write; encrypted-media; gyroscope; picture-in-picture; web-share\" referrerpolicy=\"strict-origin-when-cross-origin\" allowfullscreen><\/iframe>\n<\/div><\/figure>\n\n\n\n<figure class=\"wp-block-embed is-type-video is-provider-youtube wp-block-embed-youtube wp-embed-aspect-16-9 wp-has-aspect-ratio\"><div class=\"wp-block-embed__wrapper\">\n<iframe loading=\"lazy\" title=\"Ansamblul Profil \u25ba Cornel \u021a\u0103ranu - Sonata pentru violoncel solo\" width=\"500\" height=\"281\" src=\"https:\/\/www.youtube.com\/embed\/t2EWhSXe8gc?feature=oembed\" frameborder=\"0\" allow=\"accelerometer; autoplay; clipboard-write; encrypted-media; gyroscope; picture-in-picture; web-share\" referrerpolicy=\"strict-origin-when-cross-origin\" allowfullscreen><\/iframe>\n<\/div><\/figure>\n","protected":false},"excerpt":{"rendered":"","protected":false},"author":2,"featured_media":0,"parent":0,"menu_order":0,"comment_status":"closed","ping_status":"closed","template":"","meta":{"footnotes":""},"class_list":["post-374","page","type-page","status-publish","hentry"],"_links":{"self":[{"href":"https:\/\/clujmodern.ro\/index.php?rest_route=\/wp\/v2\/pages\/374","targetHints":{"allow":["GET"]}}],"collection":[{"href":"https:\/\/clujmodern.ro\/index.php?rest_route=\/wp\/v2\/pages"}],"about":[{"href":"https:\/\/clujmodern.ro\/index.php?rest_route=\/wp\/v2\/types\/page"}],"author":[{"embeddable":true,"href":"https:\/\/clujmodern.ro\/index.php?rest_route=\/wp\/v2\/users\/2"}],"replies":[{"embeddable":true,"href":"https:\/\/clujmodern.ro\/index.php?rest_route=%2Fwp%2Fv2%2Fcomments&post=374"}],"version-history":[{"count":10,"href":"https:\/\/clujmodern.ro\/index.php?rest_route=\/wp\/v2\/pages\/374\/revisions"}],"predecessor-version":[{"id":393,"href":"https:\/\/clujmodern.ro\/index.php?rest_route=\/wp\/v2\/pages\/374\/revisions\/393"}],"wp:attachment":[{"href":"https:\/\/clujmodern.ro\/index.php?rest_route=%2Fwp%2Fv2%2Fmedia&parent=374"}],"curies":[{"name":"wp","href":"https:\/\/api.w.org\/{rel}","templated":true}]}}