{"id":320,"date":"2024-05-15T15:52:09","date_gmt":"2024-05-15T12:52:09","guid":{"rendered":"https:\/\/clujmodern.ro\/?page_id=320"},"modified":"2024-05-17T10:33:27","modified_gmt":"2024-05-17T07:33:27","slug":"echipa","status":"publish","type":"page","link":"https:\/\/clujmodern.ro\/?page_id=320","title":{"rendered":"Echipa"},"content":{"rendered":"\n<div class=\"wp-block-media-text is-stacked-on-mobile is-vertically-aligned-center\" style=\"grid-template-columns:20% auto\"><figure class=\"wp-block-media-text__media\"><img loading=\"lazy\" decoding=\"async\" width=\"683\" height=\"1024\" src=\"https:\/\/clujmodern.ro\/wp-content\/uploads\/2024\/05\/Cluj-Modern-Deschiderea-1-683x1024.jpg\" alt=\"\" class=\"wp-image-347 size-full\" srcset=\"https:\/\/clujmodern.ro\/wp-content\/uploads\/2024\/05\/Cluj-Modern-Deschiderea-1-683x1024.jpg 683w, https:\/\/clujmodern.ro\/wp-content\/uploads\/2024\/05\/Cluj-Modern-Deschiderea-1-200x300.jpg 200w, https:\/\/clujmodern.ro\/wp-content\/uploads\/2024\/05\/Cluj-Modern-Deschiderea-1-768x1152.jpg 768w, https:\/\/clujmodern.ro\/wp-content\/uploads\/2024\/05\/Cluj-Modern-Deschiderea-1-1024x1536.jpg 1024w, https:\/\/clujmodern.ro\/wp-content\/uploads\/2024\/05\/Cluj-Modern-Deschiderea-1-1365x2048.jpg 1365w, https:\/\/clujmodern.ro\/wp-content\/uploads\/2024\/05\/Cluj-Modern-Deschiderea-1-scaled.jpg 1706w\" sizes=\"auto, (max-width: 683px) 100vw, 683px\" \/><\/figure><div class=\"wp-block-media-text__content\">\n<h2 class=\"wp-block-heading has-large-font-size\">(\u2020) Acad. <strong>Cornel \u0162\u0103ranu<\/strong><\/h2>\n\n\n\n<p class=\"has-medium-font-size\">Director fondator<\/p>\n<\/div><\/div>\n\n\n\n<div class=\"wp-block-media-text is-stacked-on-mobile is-vertically-aligned-center\" style=\"grid-template-columns:20% auto\"><figure class=\"wp-block-media-text__media\"><img loading=\"lazy\" decoding=\"async\" width=\"683\" height=\"1024\" src=\"https:\/\/clujmodern.ro\/wp-content\/uploads\/2024\/05\/Cluj-Modern-7-04-24-dimineata-7-683x1024.jpg\" alt=\"\" class=\"wp-image-250 size-full\" srcset=\"https:\/\/clujmodern.ro\/wp-content\/uploads\/2024\/05\/Cluj-Modern-7-04-24-dimineata-7-683x1024.jpg 683w, https:\/\/clujmodern.ro\/wp-content\/uploads\/2024\/05\/Cluj-Modern-7-04-24-dimineata-7-200x300.jpg 200w, https:\/\/clujmodern.ro\/wp-content\/uploads\/2024\/05\/Cluj-Modern-7-04-24-dimineata-7-768x1152.jpg 768w, https:\/\/clujmodern.ro\/wp-content\/uploads\/2024\/05\/Cluj-Modern-7-04-24-dimineata-7-1024x1536.jpg 1024w, https:\/\/clujmodern.ro\/wp-content\/uploads\/2024\/05\/Cluj-Modern-7-04-24-dimineata-7-1366x2048.jpg 1366w, https:\/\/clujmodern.ro\/wp-content\/uploads\/2024\/05\/Cluj-Modern-7-04-24-dimineata-7-scaled.jpg 1707w\" sizes=\"auto, (max-width: 683px) 100vw, 683px\" \/><\/figure><div class=\"wp-block-media-text__content\">\n<h2 class=\"wp-block-heading has-large-font-size\"><strong>Adrian Pop<\/strong><\/h2>\n\n\n\n<p class=\"has-medium-font-size\">Director artistic<\/p>\n<\/div><\/div>\n\n\n\n<h2 class=\"wp-block-heading has-medium-font-size\"><strong>Directori executivi<\/strong>:<\/h2>\n\n\n\n<p><strong>Vasile Jucan<\/strong>, Rector &#8211; Academia Na\u0163ional\u0103 de Muzic\u0103 &#8222;Gheorghe Dima&#8221;<\/p>\n\n\n\n<p><strong>R\u0103zvan B\u00ee\u0163u<\/strong>, Pre\u015fedinte &#8211; Asocia\u0163ia Academiei de Muzic\u0103 &#8222;Gheorghe Dima&#8221;<\/p>\n\n\n\n<h2 class=\"wp-block-heading has-medium-font-size\">Asistent proiect: <strong>Corina Ceclan<\/strong><\/h2>\n\n\n\n<p>Coordonare simpozion: <strong>Gabriel Banciu<\/strong><\/p>\n\n\n\n<p>Comunicare \u0219i PR: <strong>Cristina Pascu<\/strong><\/p>\n\n\n\n<p>Secretariat artistic: <strong>Ioana Baalbaki<\/strong>, <strong>Dima Belinski<\/strong><\/p>\n\n\n\n<p>Responsabil financiar: <strong>Carmen Mihai<\/strong><\/p>\n\n\n\n<p>Responsabil resurse umane: <strong>Alina Velese\u0219an<\/strong><\/p>\n\n\n\n<p>Grafic\u0103 bro\u0219ur\u0103: <strong>Cristian Mih\u0103escu<\/strong><\/p>\n\n\n\n<p>Coordonare tip\u0103rituri: <strong>Ciprian Pop<\/strong><\/p>\n\n\n\n<p>Regie sunet, \u00eenregistrare, editare: <\/p>\n\n\n\n<p><strong>Ovidiu Barbu, Daniel Sp\u0103tar, Dionisie Stoian, Paul Balot\u0103<\/strong><\/p>\n\n\n\n<p>Fotograf: <strong>George Moldovan<\/strong><\/p>\n\n\n\n<p>Coordonator voluntari: <strong>Sergiu Stan<\/strong><\/p>\n\n\n\n<p>Asisten\u021b\u0103 scen\u0103, recuzit\u0103:<\/p>\n\n\n\n<p><strong>Paul \u021aurca\u0219, Sergiu Popa, Eliezer Morar<\/strong><\/p>\n","protected":false},"excerpt":{"rendered":"<p>(\u2020) Acad. Cornel \u0162\u0103ranu Director fondator Adrian Pop Director artistic Directori executivi: Vasile Jucan, Rector &#8211; Academia Na\u0163ional\u0103 de Muzic\u0103 &#8222;Gheorghe Dima&#8221; R\u0103zvan B\u00ee\u0163u, Pre\u015fedinte &#8211; Asocia\u0163ia Academiei de Muzic\u0103 &#8222;Gheorghe Dima&#8221; Asistent proiect: Corina Ceclan Coordonare simpozion: Gabriel Banciu Comunicare \u0219i PR: Cristina Pascu Secretariat artistic: Ioana Baalbaki, Dima Belinski Responsabil financiar: Carmen Mihai [&hellip;]<\/p>\n","protected":false},"author":2,"featured_media":0,"parent":0,"menu_order":0,"comment_status":"closed","ping_status":"closed","template":"","meta":{"footnotes":""},"class_list":["post-320","page","type-page","status-publish","hentry"],"_links":{"self":[{"href":"https:\/\/clujmodern.ro\/index.php?rest_route=\/wp\/v2\/pages\/320","targetHints":{"allow":["GET"]}}],"collection":[{"href":"https:\/\/clujmodern.ro\/index.php?rest_route=\/wp\/v2\/pages"}],"about":[{"href":"https:\/\/clujmodern.ro\/index.php?rest_route=\/wp\/v2\/types\/page"}],"author":[{"embeddable":true,"href":"https:\/\/clujmodern.ro\/index.php?rest_route=\/wp\/v2\/users\/2"}],"replies":[{"embeddable":true,"href":"https:\/\/clujmodern.ro\/index.php?rest_route=%2Fwp%2Fv2%2Fcomments&post=320"}],"version-history":[{"count":6,"href":"https:\/\/clujmodern.ro\/index.php?rest_route=\/wp\/v2\/pages\/320\/revisions"}],"predecessor-version":[{"id":380,"href":"https:\/\/clujmodern.ro\/index.php?rest_route=\/wp\/v2\/pages\/320\/revisions\/380"}],"wp:attachment":[{"href":"https:\/\/clujmodern.ro\/index.php?rest_route=%2Fwp%2Fv2%2Fmedia&parent=320"}],"curies":[{"name":"wp","href":"https:\/\/api.w.org\/{rel}","templated":true}]}}